{"id":1105,"date":"2018-08-02T11:13:52","date_gmt":"2018-08-02T10:13:52","guid":{"rendered":"http:\/\/fg-ius.unibas.ch\/wordpress\/?page_id=1105"},"modified":"2026-01-15T15:36:42","modified_gmt":"2026-01-15T14:36:42","slug":"faq-event-fragen","status":"publish","type":"page","link":"https:\/\/fg-ius.unibas.ch\/wordpress\/faq-event-fragen\/","title":{"rendered":"FAQ"},"content":{"rendered":"\n<div class=\"wp-block-columns has-2-columns is-layout-flex wp-container-core-columns-is-layout-1 wp-block-columns-is-layout-flex\">\n<div class=\"wp-block-column is-layout-flow wp-block-column-is-layout-flow\">\n<p>Der genaue Termin f\u00fcr das n\u00e4chste FAQ-Event wird per Mail bekannt gegeben. Mit dem folgenden Formular kannst du uns bereits Fragen stellen, die wir am Event beantworten werden.<\/p>\n\n\n<div class=\"wpforms-container wpforms-container-full\" id=\"wpforms-1108\"><form id=\"wpforms-form-1108\" class=\"wpforms-validate wpforms-form\" data-formid=\"1108\" method=\"post\" enctype=\"multipart\/form-data\" action=\"\/wordpress\/wp-json\/wp\/v2\/pages\/1105\" data-token=\"980a1a0e32de4363b562a7859119417c\" data-token-time=\"1777473641\"><noscript class=\"wpforms-error-noscript\">Bitte aktiviere JavaScript in deinem Browser, um dieses Formular fertigzustellen.<\/noscript><div class=\"wpforms-field-container\"><div id=\"wpforms-1108-field_2-container\" class=\"wpforms-field wpforms-field-textarea\" data-field-id=\"2\"><label class=\"wpforms-field-label\" for=\"wpforms-1108-field_2\">Deine Frage <span class=\"wpforms-required-label\">*<\/span><\/label><textarea id=\"wpforms-1108-field_2\" class=\"wpforms-field-medium wpforms-field-required\" name=\"wpforms[fields][2]\" required><\/textarea><\/div><div id=\"wpforms-1108-field_3-container\" class=\"wpforms-field wpforms-field-email\" data-field-id=\"3\"><label class=\"wpforms-field-label\" for=\"wpforms-1108-field_3\">E-Mail-Adresse (freiwillig)<\/label><input type=\"email\" id=\"wpforms-1108-field_3\" class=\"wpforms-field-medium\" name=\"wpforms[fields][3]\" spellcheck=\"false\" ><div class=\"wpforms-field-description\">Falls wir Deine Frage nicht am Event beantworten k\u00f6nnen, oder wir Deine Frage nicht ganz verstehen.<\/div><\/div><\/div><!-- .wpforms-field-container --><div class=\"wpforms-field wpforms-field-hp\"><label for=\"wpforms-1108-field-hp\" class=\"wpforms-field-label\">Comment<\/label><input type=\"text\" name=\"wpforms[hp]\" id=\"wpforms-1108-field-hp\" class=\"wpforms-field-medium\"><\/div><div class=\"wpforms-submit-container\" ><input type=\"hidden\" name=\"wpforms[id]\" value=\"1108\"><input type=\"hidden\" name=\"page_title\" value=\"\"><input type=\"hidden\" name=\"page_url\" value=\"https:\/\/fg-ius.unibas.ch\/wordpress\/wp-json\/wp\/v2\/pages\/1105\"><input type=\"hidden\" name=\"url_referer\" value=\"\"><button type=\"submit\" name=\"wpforms[submit]\" id=\"wpforms-submit-1108\" class=\"wpforms-submit\" data-alt-text=\"Sende...\" data-submit-text=\"Senden\" aria-live=\"assertive\" value=\"wpforms-submit\">Senden<\/button><\/div><\/form><\/div>  <!-- .wpforms-container -->\n\n\n\n<p>F\u00fcr Fragen rund ums Studium haben wir eine Forumsplattform (iusable) eingerichtet. Wie du dich dort anmelden kannst sollte dir zu Beginn des Semesters per E-Mail bekannt gegeben worden sein. Solltest du keine Einladung zur Plattform erhalten haben kannst du uns per E-Mail gerne kurz kontaktieren: <a href=\"mailto:fg-ius@unibas.ch\">fg-ius@unibas.ch<\/a><\/p>\n<\/div>\n<\/div>\n\n\n\n<h2 class=\"wp-block-heading\">H\u00e4ufig gestellte Fragen<\/h2>\n\n\n\n<details class=\"wp-block-details is-layout-flow wp-block-details-is-layout-flow\"><summary>Wo finde ich weitere Literatur? Gibt es online Portale?<\/summary>\n<p>\u00dcber die Uni habt ihr kostenfrei Zugang zu verschiedenen Rechtsdatenbanken wie z.B. Swisslex, Legalis oder beck-online. <a href=\"https:\/\/ius.unibas.ch\/de\/bibliothek\/elektronische-medien\/rechtsdatenbanken\/\">Mehr dazu<\/a><\/p>\n<\/details>\n\n\n\n<details class=\"wp-block-details is-layout-flow wp-block-details-is-layout-flow\"><summary>Was gibt es f\u00fcr ausserfakult\u00e4re Vorlesungen?<\/summary>\n<ul class=\"wp-block-list\">\n<li>Lernen (3 KP)<\/li>\n\n\n\n<li>Rechtsmedizin (3 KP)<\/li>\n\n\n\n<li>Forensische Psychiatrie (3 KP)<\/li>\n\n\n\n<li>Sprachkurse im Sprachzentrum<\/li>\n\n\n\n<li>Arbeitsverh\u00e4ltnisse k\u00f6nnen je nach Umst\u00e4nden auch angerechnet werden. Z.B. administrative T\u00e4tigkeiten in einer Kanzlei, Praktikum <a href=\"https:\/\/ius.unibas.ch\/fileadmin\/user_upload\/ius\/02_Studium\/03_Studieninformationen\/Merkblatt_AWF.pdf\">(Merkblatt)<\/a><\/li>\n\n\n\n<li>Kreditpunkte f\u00fcr die T\u00e4tigkeit in der Fachgruppe Ius<\/li>\n<\/ul>\n<\/details>\n\n\n\n<details class=\"wp-block-details is-layout-flow wp-block-details-is-layout-flow\"><summary>Wann hat man m\u00fcndliche Pr\u00fcfungen?<\/summary>\n<p>Meistens ab dem 3. Semester, abh\u00e4ngig von den belegten Kursen. Grundlagenf\u00e4cher sind h\u00e4ufig die ersten m\u00fcndlichen Pr\u00fcfungen. Es werden meistens zwei Personen 20 Min. lang zusammen gepr\u00fcft (entweder jeder 10 Min. oder abwechselnd), seltener Einzelpr\u00fcfung, dann dauern sie aber 15 Min. Keine Angst vor den m\u00fcndlichen Pr\u00fcfungen!<\/p>\n<\/details>\n\n\n\n<details class=\"wp-block-details is-layout-flow wp-block-details-is-layout-flow\"><summary>Was muss ich zu Pr\u00e4senz- und Onlinepr\u00fcfungen wissen?<\/summary>\n<p>Es ist hilfreich, die Probeklausuren unter simulierten Pr\u00fcfungsbedingungen zu l\u00f6sen. Bei Pr\u00e4senzpr\u00fcfungen empfiehlt es sich, von Anfang an die einzelnen Gesetzesabschnitte mit Post-Its&nbsp;zu markieren. Bei Onlinepr\u00fcfungen kann die offizielle Onlineausgabe (admin.ch) verwendet werden. Dort k\u00f6nnt ihr einzelne Begriffe mit ctrl+f (cmd+f f\u00fcr iOs) auf der Seite suchen. I.d.R. ist nicht anzunehmen, dass Pr\u00e4senzpr\u00fcfungen schwieriger sind, als Onlinepr\u00fcfungen. Und umgekehrt: Open Books Pr\u00fcfungen m\u00fcssen gut vorbereitet werden. Die Zeit ist zu knapp, um vieles nachzulesen.<\/p>\n\n\n\n<p>Eine vorbereitete Markierhilfe f\u00fcr die Seitenr\u00e4nder inkl.&nbsp;Matr. Nr. kann&nbsp;Anfags&nbsp;Zeit und Stress sparen. Statt jedes Mal mit einem Lineal 5cm Rand zu messen, schneidet euch zu Hause einen 5cm breiten und 30cm langen Kartonlineal.<\/p>\n\n\n\n<p>Die verbleibende Zeit wird w\u00e4hrend der Pr\u00fcfung regelm\u00e4ssig mitgeteilt. Eine Uhr dabei zu haben ist jedoch hilfreich, um sich zeitlich zu orientieren. Wasser und kleine Snacks sollten mitgebracht werden. Rechnet aber damit, dass ihr nicht so viel Zeit habt.<\/p>\n\n\n\n<p>Es kann Punkte sichern, die Zusatzfragen als erstes zu l\u00f6sen. Man sollte allerdings nicht zu viel Zeit in die Zusatzfragen und Theoriefragen investieren, da die F\u00e4lle am meisten Punkte geben.<\/p>\n\n\n\n<p>Je nach Komplexit\u00e4t des Sachverhalts kann eine Skizze hilfreich sein, die Orientierung zu behalten. Jeder neue Tatbestand sollte auf einem neuen Blatt geschrieben werden. So kann jederzeit die Seitenordnung ge\u00e4ndert werden, falls w\u00e4hrend der Falll\u00f6sung ein neuer Tatbestand euch in den Sinn kommt.<\/p>\n\n\n\n<p>Lasst euch von den Pr\u00fcfungen nicht einsch\u00fcchtern. Schlussendlich werden weniger als 10% aufgrund mangelhafter Ergebnisse von dem Studium ausgeschlossen.&nbsp;Bei guter Vorbereitung sind die Pr\u00fcfungen machbar!<\/p>\n<\/details>\n\n\n\n<details class=\"wp-block-details is-layout-flow wp-block-details-is-layout-flow\"><summary>Was muss ich \u00fcber Zusammenfassungen und Lernhilfen wissen?<\/summary>\n<p>Die Fachgruppe IUS bietet keine eigenen Zusammenfassungen oder Skripte an. Ihr k\u00f6nnt verschiedene Zusammenfassungen, Vorlesungsnotizen oder Lernhilfen online finden. Z.B. auf Facebook in den Ius-Gruppen der Vorjahre, unter <a href=\"http:\/\/www.uniboard.ch\">www.uniboard.ch<\/a> oder <a href=\"https:\/\/www.studocu.com\/de-ch\/home\">www.studocu.com<\/a>. Die App StudySmarter bietet verschiedene Lerntools an. Zudem gibt es unter <a href=\"https:\/\/lernboerse.unibas.ch\/auth\/login\">www.lernboerse.unibas.ch<\/a> ein neues Angebot der Universit\u00e4t Basel zum Lerngruppen bilden und Lernpartner:innen finden.&nbsp;<\/p>\n\n\n\n<p><strong>Achtung<\/strong>: viele Dokumente online k\u00f6nnen bereits veraltet oder von anderen Universit\u00e4ten sein und keine Richtigkeit garantieren. <strong>Lernt auf keinen Fall nur mit solchen Zusammenfassungen.<\/strong> Versucht mit diesen Zusammenfassungen viel mehr L\u00fccken zu finden oder den Stoff kurz aufzufrischen.<\/p>\n<\/details>\n\n\n\n<details class=\"wp-block-details is-layout-flow wp-block-details-is-layout-flow\"><summary>Muss man in den &#8222;Lernphasen&#8220;, bzw. vorlesungsfreien Zeit viel mehr lernen als sonst, auch wenn man das ganze Jahr \u00fcber diszipliniert und gleichm\u00e4ssig gelernt hat?<\/summary>\n<p>Es kommt darauf an. Untersch\u00e4tzt aber den allgemeinen Aufwand nicht. Es ist sehr viel Stoff, den man nicht immer gleich gut pr\u00e4sent hat. Diszipliniertes und regelm\u00e4ssiges Lernen sowie das Vor- und Nachbereiten der Vorlesungen ist sehr hilfreich und wird die Lernphase etwas verk\u00fcrzen. Eine intensive, grossz\u00fcgige Lernphase vor der Pr\u00fcfung kann aber nur empfohlen werden.<\/p>\n<\/details>\n\n\n\n<details class=\"wp-block-details is-layout-flow wp-block-details-is-layout-flow\"><summary>Stimmt es, dass man als Jus Student kostenlose Rechtsberatung an der Juristischen Fakult\u00e4t beziehen kann?<\/summary>\n<p>Ja, die skuba bietet seit dem Sommersemester 2005 in Zusammenarbeit mit der Juristischen Fakult\u00e4t eine kostenlose Rechtsberatung f\u00fcr Studierende an. Falls du dich mit rechtlichen Fragen aus den Bereichen Kaufrecht, Mietrecht, Arbeitsrecht, Stipendienwesen usw. konfrontiert siehst, dann ist die unentgeltliche Rechtsberatung genau das Richtige f\u00fcr dich. Du formulierst&nbsp;<a href=\"https:\/\/www.skuba.ch\/rechtsberatung\">hier<\/a>&nbsp;dein Problem aus, hinterl\u00e4sst deine E-Mail und eventuell Telefonnummer und dein Anliegen wird von kompetenten Ius-Studierenden unter der Betreuung eines\/r Lehrbeauftragten (mit Anwaltspatent) bearbeitet. Bitte beachte aber, dass es keinen Anspruch auf Bearbeitung der Anfragen gibt, da die skuba diesen bei einem grossen Ansturm nicht gew\u00e4hrleisten k\u00f6nnen. Die Bearbeitung kann mehrere Wochen dauern.<\/p>\n<\/details>\n\n\n\n<details class=\"wp-block-details is-layout-flow wp-block-details-is-layout-flow\"><summary>Muss ich alle B\u00fccher kaufen oder sind gen\u00fcgend B\u00fccher in den Bibliotheken (Fak.\/UB) vorhanden? <\/summary>\n<p>W\u00e4hrend der Pr\u00fcfungsphase sind viele B\u00fccher bereits schon ab 8:00 Uhr weg. Es empfiehlt sich also entweder w\u00e4hrend dem Semester schon Zusammenfassungen zu schreiben, oder die B\u00fccher fr\u00fch in der UB auszuleihen. F\u00fcr gebrauchte B\u00fccher k\u00f6nnen wir die Webseiten <a href=\"https:\/\/markt.unibas.ch\/\" data-type=\"link\" data-id=\"https:\/\/markt.unibas.ch\/\">www.markt.unibas.ch<\/a> oder <a href=\"http:\/\/www.uniboard.ch\" data-type=\"link\" data-id=\"www.uniboard.ch\">www.uniboard.ch<\/a> empfehlen.<\/p>\n\n\n\n<p>F\u00fcr neue B\u00fccher kann immer nach H\u00f6hrerscheinen gefragt werden. Im Schulthess kann f\u00fcr Rabatte eine Kundenkarte gemacht werden. B\u00fccher k\u00f6nnen auch online bestellt werden. Bei Ex Libris k\u00f6nnen bspw. mit der Club-Karte drei B\u00fccher mit 30% Rabatt gekauft werden.<\/p>\n<\/details>\n\n\n\n<details class=\"wp-block-details is-layout-flow wp-block-details-is-layout-flow\"><summary>Wann empfiehlt es sich, die ausserfakult\u00e4ren Vorlesungen zu belegen?<\/summary>\n<p>M\u00f6glichst im 1. Semester schon mindestens eine ausserfakult\u00e4re Veranstaltung oder ein Grundlagenfach belegen, da im HS sonst keine Pr\u00fcfungen stattfinden.<\/p>\n<\/details>\n\n\n\n<details class=\"wp-block-details is-layout-flow wp-block-details-is-layout-flow\"><summary>Gibt es weniger umfassende Lernmaterialen als die Lehrb\u00fccher? <\/summary>\n<p>Die von den Dozenten empfohlenen Lehrb\u00fccher sind meist gut mit den Vorlesungen abgeglichen, wir empfehlen deshalb eines der empfohlenen Lehrb\u00fccher zu verwenden. Bei der Lernphase sind die Repetitorien vom Verlag <em>orell f\u00fcssli <\/em> sehr hilfreich. Auch die B\u00fccherreihe <em>in a nutshell <\/em> vom Verlag <em>DIKE <\/em>k\u00f6nnen wir f\u00fcr die Lernphase empfehlen. <\/p>\n<\/details>\n","protected":false},"excerpt":{"rendered":"<p>Der genaue Termin f\u00fcr das n\u00e4chste FAQ-Event wird per Mail bekannt gegeben. Mit dem folgenden Formular kannst du uns bereits Fragen stellen, die wir am Event beantworten werden. F\u00fcr Fragen rund ums Studium haben wir eine Forumsplattform (iusable) eingerichtet. Wie du dich dort anmelden kannst sollte dir zu Beginn des Semesters per E-Mail bekannt gegeben&#8230;<\/p>\n","protected":false},"author":1,"featured_media":0,"parent":0,"menu_order":0,"comment_status":"closed","ping_status":"closed","template":"","meta":{"footnotes":""},"class_list":["post-1105","page","type-page","status-publish","hentry"],"_links":{"self":[{"href":"https:\/\/fg-ius.unibas.ch\/wordpress\/wp-json\/wp\/v2\/pages\/1105"}],"collection":[{"href":"https:\/\/fg-ius.unibas.ch\/wordpress\/wp-json\/wp\/v2\/pages"}],"about":[{"href":"https:\/\/fg-ius.unibas.ch\/wordpress\/wp-json\/wp\/v2\/types\/page"}],"author":[{"embeddable":true,"href":"https:\/\/fg-ius.unibas.ch\/wordpress\/wp-json\/wp\/v2\/users\/1"}],"replies":[{"embeddable":true,"href":"https:\/\/fg-ius.unibas.ch\/wordpress\/wp-json\/wp\/v2\/comments?post=1105"}],"version-history":[{"count":33,"href":"https:\/\/fg-ius.unibas.ch\/wordpress\/wp-json\/wp\/v2\/pages\/1105\/revisions"}],"predecessor-version":[{"id":2045,"href":"https:\/\/fg-ius.unibas.ch\/wordpress\/wp-json\/wp\/v2\/pages\/1105\/revisions\/2045"}],"wp:attachment":[{"href":"https:\/\/fg-ius.unibas.ch\/wordpress\/wp-json\/wp\/v2\/media?parent=1105"}],"curies":[{"name":"wp","href":"https:\/\/api.w.org\/{rel}","templated":true}]}}