{"id":862,"date":"2016-05-01T22:00:59","date_gmt":"2016-05-01T21:00:59","guid":{"rendered":"http:\/\/fg-ius.unibas.ch\/wordpress\/?page_id=862"},"modified":"2026-02-25T15:52:00","modified_gmt":"2026-02-25T14:52:00","slug":"praesidium","status":"publish","type":"page","link":"https:\/\/fg-ius.unibas.ch\/wordpress\/praesidium\/","title":{"rendered":"Der Vorstand"},"content":{"rendered":"\n<p>Der Vorstand der FG Ius nimmt immer gerne generelle Ideen und Anregungen entgegen. Er k\u00fcmmert sich um jegliche Probleme, welche bez\u00fcglich des Studiums auftreten und bem\u00fcht sich um eine L\u00f6sung oder verweist den Antragssteller an die zust\u00e4ndige Person. <\/p>\n\n\n\n<h2 class=\"wp-block-heading\">Pr\u00e4sidium<\/h2>\n\n\n\n<div class=\"wp-block-columns is-layout-flex wp-container-core-columns-is-layout-1 wp-block-columns-is-layout-flex\">\n<div class=\"wp-block-column is-layout-flow wp-block-column-is-layout-flow\" style=\"flex-basis:50%\">\n<div class=\"wp-block-media-text is-stacked-on-mobile\"><figure class=\"wp-block-media-text__media\"><img loading=\"lazy\" decoding=\"async\" width=\"819\" height=\"1024\" src=\"https:\/\/fg-ius.unibas.ch\/wordpress\/wp-content\/uploads\/Design-ohne-Titel-5-2-819x1024.jpg\" alt=\"\" class=\"wp-image-1961 size-full\" srcset=\"https:\/\/fg-ius.unibas.ch\/wordpress\/wp-content\/uploads\/Design-ohne-Titel-5-2-819x1024.jpg 819w, https:\/\/fg-ius.unibas.ch\/wordpress\/wp-content\/uploads\/Design-ohne-Titel-5-2-240x300.jpg 240w, https:\/\/fg-ius.unibas.ch\/wordpress\/wp-content\/uploads\/Design-ohne-Titel-5-2-768x960.jpg 768w, https:\/\/fg-ius.unibas.ch\/wordpress\/wp-content\/uploads\/Design-ohne-Titel-5-2.jpg 1080w\" sizes=\"(max-width: 819px) 100vw, 819px\" \/><\/figure><div class=\"wp-block-media-text__content\">\n<p>Hannah R\u00f6ttger<\/p>\n<\/div><\/div>\n<\/div>\n\n\n\n<div class=\"wp-block-column is-layout-flow wp-block-column-is-layout-flow\" style=\"flex-basis:50%\">\n<div class=\"wp-block-media-text is-stacked-on-mobile\"><figure class=\"wp-block-media-text__media\"><img loading=\"lazy\" decoding=\"async\" width=\"819\" height=\"1024\" src=\"https:\/\/fg-ius.unibas.ch\/wordpress\/wp-content\/uploads\/Bilder-FG-IUS-1-819x1024.png\" alt=\"\" class=\"wp-image-2054 size-full\" srcset=\"https:\/\/fg-ius.unibas.ch\/wordpress\/wp-content\/uploads\/Bilder-FG-IUS-1-819x1024.png 819w, https:\/\/fg-ius.unibas.ch\/wordpress\/wp-content\/uploads\/Bilder-FG-IUS-1-240x300.png 240w, https:\/\/fg-ius.unibas.ch\/wordpress\/wp-content\/uploads\/Bilder-FG-IUS-1-768x960.png 768w, https:\/\/fg-ius.unibas.ch\/wordpress\/wp-content\/uploads\/Bilder-FG-IUS-1.png 1080w\" sizes=\"(max-width: 819px) 100vw, 819px\" \/><\/figure><div class=\"wp-block-media-text__content\">\n<p>Laura Rosamilia (Vizepr\u00e4sidentin)<\/p>\n<\/div><\/div>\n\n\n\n<p><\/p>\n<\/div>\n<\/div>\n\n\n\n<h4 class=\"wp-block-heading\">Ressort Sponsoring<\/h4>\n\n\n\n<div class=\"wp-block-columns is-layout-flex wp-container-core-columns-is-layout-2 wp-block-columns-is-layout-flex\">\n<div class=\"wp-block-column is-layout-flow wp-block-column-is-layout-flow\" style=\"flex-basis:50%\">\n<div class=\"wp-block-media-text is-stacked-on-mobile\"><figure class=\"wp-block-media-text__media\"><img loading=\"lazy\" decoding=\"async\" width=\"819\" height=\"1024\" src=\"https:\/\/fg-ius.unibas.ch\/wordpress\/wp-content\/uploads\/Design-ohne-Titel-2-2-819x1024.jpg\" alt=\"\" class=\"wp-image-1955 size-full\" srcset=\"https:\/\/fg-ius.unibas.ch\/wordpress\/wp-content\/uploads\/Design-ohne-Titel-2-2-819x1024.jpg 819w, https:\/\/fg-ius.unibas.ch\/wordpress\/wp-content\/uploads\/Design-ohne-Titel-2-2-240x300.jpg 240w, https:\/\/fg-ius.unibas.ch\/wordpress\/wp-content\/uploads\/Design-ohne-Titel-2-2-768x960.jpg 768w, https:\/\/fg-ius.unibas.ch\/wordpress\/wp-content\/uploads\/Design-ohne-Titel-2-2.jpg 1080w\" sizes=\"(max-width: 819px) 100vw, 819px\" \/><\/figure><div class=\"wp-block-media-text__content\">\n<p>Melanie Zimmerli<\/p>\n<\/div><\/div>\n<\/div>\n\n\n\n<div class=\"wp-block-column is-layout-flow wp-block-column-is-layout-flow\" style=\"flex-basis:50%\">\n<div class=\"wp-block-media-text is-stacked-on-mobile\"><figure class=\"wp-block-media-text__media\"><img loading=\"lazy\" decoding=\"async\" width=\"819\" height=\"1024\" src=\"https:\/\/fg-ius.unibas.ch\/wordpress\/wp-content\/uploads\/Design-ohne-Titel-1-2-819x1024.jpg\" alt=\"\" class=\"wp-image-1956 size-full\" srcset=\"https:\/\/fg-ius.unibas.ch\/wordpress\/wp-content\/uploads\/Design-ohne-Titel-1-2-819x1024.jpg 819w, https:\/\/fg-ius.unibas.ch\/wordpress\/wp-content\/uploads\/Design-ohne-Titel-1-2-240x300.jpg 240w, https:\/\/fg-ius.unibas.ch\/wordpress\/wp-content\/uploads\/Design-ohne-Titel-1-2-768x960.jpg 768w, https:\/\/fg-ius.unibas.ch\/wordpress\/wp-content\/uploads\/Design-ohne-Titel-1-2.jpg 1080w\" sizes=\"(max-width: 819px) 100vw, 819px\" \/><\/figure><div class=\"wp-block-media-text__content\">\n<p>Ben Jagasia<\/p>\n<\/div><\/div>\n<\/div>\n<\/div>\n\n\n\n<div class=\"wp-block-columns is-layout-flex wp-container-core-columns-is-layout-3 wp-block-columns-is-layout-flex\">\n<div class=\"wp-block-column is-layout-flow wp-block-column-is-layout-flow\">\n<div class=\"wp-block-media-text is-stacked-on-mobile\"><figure class=\"wp-block-media-text__media\"><img loading=\"lazy\" decoding=\"async\" width=\"819\" height=\"1024\" src=\"https:\/\/fg-ius.unibas.ch\/wordpress\/wp-content\/uploads\/Design-ohne-Titel-4-819x1024.jpg\" alt=\"\" class=\"wp-image-1958 size-full\" srcset=\"https:\/\/fg-ius.unibas.ch\/wordpress\/wp-content\/uploads\/Design-ohne-Titel-4-819x1024.jpg 819w, https:\/\/fg-ius.unibas.ch\/wordpress\/wp-content\/uploads\/Design-ohne-Titel-4-240x300.jpg 240w, https:\/\/fg-ius.unibas.ch\/wordpress\/wp-content\/uploads\/Design-ohne-Titel-4-768x960.jpg 768w, https:\/\/fg-ius.unibas.ch\/wordpress\/wp-content\/uploads\/Design-ohne-Titel-4.jpg 1080w\" sizes=\"(max-width: 819px) 100vw, 819px\" \/><\/figure><div class=\"wp-block-media-text__content\">\n<p>Val\u00e9rie Hug<\/p>\n<\/div><\/div>\n\n\n\n<p><\/p>\n<\/div>\n\n\n\n<div class=\"wp-block-column is-layout-flow wp-block-column-is-layout-flow\"><\/div>\n<\/div>\n\n\n\n<h4 class=\"wp-block-heading\">Ressort Studienvertretung<\/h4>\n\n\n\n<div class=\"wp-block-columns is-layout-flex wp-container-core-columns-is-layout-4 wp-block-columns-is-layout-flex\">\n<div class=\"wp-block-column is-layout-flow wp-block-column-is-layout-flow\" style=\"flex-basis:50%\">\n<div class=\"wp-block-media-text is-stacked-on-mobile\"><figure class=\"wp-block-media-text__media\"><img loading=\"lazy\" decoding=\"async\" width=\"819\" height=\"1024\" src=\"https:\/\/fg-ius.unibas.ch\/wordpress\/wp-content\/uploads\/Bilder-FG-IUS-819x1024.png\" alt=\"\" class=\"wp-image-1998 size-full\" srcset=\"https:\/\/fg-ius.unibas.ch\/wordpress\/wp-content\/uploads\/Bilder-FG-IUS-819x1024.png 819w, https:\/\/fg-ius.unibas.ch\/wordpress\/wp-content\/uploads\/Bilder-FG-IUS-240x300.png 240w, https:\/\/fg-ius.unibas.ch\/wordpress\/wp-content\/uploads\/Bilder-FG-IUS-768x960.png 768w, https:\/\/fg-ius.unibas.ch\/wordpress\/wp-content\/uploads\/Bilder-FG-IUS.png 1080w\" sizes=\"(max-width: 819px) 100vw, 819px\" \/><\/figure><div class=\"wp-block-media-text__content\">\n<p>Anna-Ursina Sozio<\/p>\n<\/div><\/div>\n<\/div>\n<\/div>\n\n\n\n<div class=\"wp-block-columns is-layout-flex wp-container-core-columns-is-layout-5 wp-block-columns-is-layout-flex\">\n<div class=\"wp-block-column is-layout-flow wp-block-column-is-layout-flow\"><\/div>\n\n\n\n<div class=\"wp-block-column is-layout-flow wp-block-column-is-layout-flow\"><\/div>\n\n\n\n<div class=\"wp-block-column is-layout-flow wp-block-column-is-layout-flow\"><\/div>\n<\/div>\n\n\n\n<h4 class=\"wp-block-heading\">Ressort Social Media &amp; Veranstaltungen<\/h4>\n\n\n\n<div class=\"wp-block-columns is-layout-flex wp-container-core-columns-is-layout-6 wp-block-columns-is-layout-flex\">\n<div class=\"wp-block-column is-layout-flow wp-block-column-is-layout-flow\" style=\"flex-basis:50%\">\n<div class=\"wp-block-media-text is-stacked-on-mobile\"><figure class=\"wp-block-media-text__media\"><img loading=\"lazy\" decoding=\"async\" width=\"819\" height=\"1024\" src=\"https:\/\/fg-ius.unibas.ch\/wordpress\/wp-content\/uploads\/Design-ohne-Titel-9-819x1024.jpg\" alt=\"\" class=\"wp-image-1964 size-full\" srcset=\"https:\/\/fg-ius.unibas.ch\/wordpress\/wp-content\/uploads\/Design-ohne-Titel-9-819x1024.jpg 819w, https:\/\/fg-ius.unibas.ch\/wordpress\/wp-content\/uploads\/Design-ohne-Titel-9-240x300.jpg 240w, https:\/\/fg-ius.unibas.ch\/wordpress\/wp-content\/uploads\/Design-ohne-Titel-9-768x960.jpg 768w, https:\/\/fg-ius.unibas.ch\/wordpress\/wp-content\/uploads\/Design-ohne-Titel-9.jpg 1080w\" sizes=\"(max-width: 819px) 100vw, 819px\" \/><\/figure><div class=\"wp-block-media-text__content\">\n<p>Selin Dogan<\/p>\n<\/div><\/div>\n\n\n\n<p><\/p>\n<\/div>\n\n\n\n<div class=\"wp-block-column is-layout-flow wp-block-column-is-layout-flow\" style=\"flex-basis:50%\">\n<p><\/p>\n<\/div>\n<\/div>\n\n\n\n<h4 class=\"wp-block-heading\">Ressort Publications<\/h4>\n\n\n\n<div class=\"wp-block-columns is-layout-flex wp-container-core-columns-is-layout-7 wp-block-columns-is-layout-flex\">\n<div class=\"wp-block-column is-layout-flow wp-block-column-is-layout-flow\" style=\"flex-basis:50%\">\n<div class=\"wp-block-media-text is-stacked-on-mobile\"><figure class=\"wp-block-media-text__media\"><img loading=\"lazy\" decoding=\"async\" width=\"819\" height=\"1024\" src=\"https:\/\/fg-ius.unibas.ch\/wordpress\/wp-content\/uploads\/Design-ohne-Titel-8-819x1024.jpg\" alt=\"\" class=\"wp-image-1965 size-full\" srcset=\"https:\/\/fg-ius.unibas.ch\/wordpress\/wp-content\/uploads\/Design-ohne-Titel-8-819x1024.jpg 819w, https:\/\/fg-ius.unibas.ch\/wordpress\/wp-content\/uploads\/Design-ohne-Titel-8-240x300.jpg 240w, https:\/\/fg-ius.unibas.ch\/wordpress\/wp-content\/uploads\/Design-ohne-Titel-8-768x960.jpg 768w, https:\/\/fg-ius.unibas.ch\/wordpress\/wp-content\/uploads\/Design-ohne-Titel-8.jpg 1080w\" sizes=\"(max-width: 819px) 100vw, 819px\" \/><\/figure><div class=\"wp-block-media-text__content\">\n<p>Analynn Souvannavong<\/p>\n<\/div><\/div>\n<\/div>\n<\/div>\n\n\n\n<div class=\"wp-block-columns is-layout-flex wp-container-core-columns-is-layout-8 wp-block-columns-is-layout-flex\">\n<div class=\"wp-block-column is-layout-flow wp-block-column-is-layout-flow\"><\/div>\n\n\n\n<div class=\"wp-block-column is-layout-flow wp-block-column-is-layout-flow\"><\/div>\n<\/div>\n\n\n\n<h4 class=\"wp-block-heading\">Ressort Finanzen<\/h4>\n\n\n\n<div class=\"wp-block-columns is-layout-flex wp-container-core-columns-is-layout-9 wp-block-columns-is-layout-flex\">\n<div class=\"wp-block-column is-layout-flow wp-block-column-is-layout-flow\" style=\"flex-basis:50%\">\n<div class=\"wp-block-media-text is-stacked-on-mobile\"><figure class=\"wp-block-media-text__media\"><img loading=\"lazy\" decoding=\"async\" width=\"819\" height=\"1024\" src=\"https:\/\/fg-ius.unibas.ch\/wordpress\/wp-content\/uploads\/Bilder-FG-IUS-819x1024.png\" alt=\"\" class=\"wp-image-1998 size-full\" srcset=\"https:\/\/fg-ius.unibas.ch\/wordpress\/wp-content\/uploads\/Bilder-FG-IUS-819x1024.png 819w, https:\/\/fg-ius.unibas.ch\/wordpress\/wp-content\/uploads\/Bilder-FG-IUS-240x300.png 240w, https:\/\/fg-ius.unibas.ch\/wordpress\/wp-content\/uploads\/Bilder-FG-IUS-768x960.png 768w, https:\/\/fg-ius.unibas.ch\/wordpress\/wp-content\/uploads\/Bilder-FG-IUS.png 1080w\" sizes=\"(max-width: 819px) 100vw, 819px\" \/><\/figure><div class=\"wp-block-media-text__content\">\n<p>Maria Rothacher<\/p>\n<\/div><\/div>\n<\/div>\n<\/div>\n\n\n\n<div class=\"wp-block-columns is-layout-flex wp-container-core-columns-is-layout-10 wp-block-columns-is-layout-flex\">\n<div class=\"wp-block-column is-layout-flow wp-block-column-is-layout-flow\"><\/div>\n\n\n\n<div class=\"wp-block-column is-layout-flow wp-block-column-is-layout-flow\"><\/div>\n<\/div>\n\n\n\n<h4 class=\"wp-block-heading\">Weitere Mitglieder:innen<\/h4>\n\n\n\n<div class=\"wp-block-columns is-layout-flex wp-container-core-columns-is-layout-11 wp-block-columns-is-layout-flex\">\n<div class=\"wp-block-column is-layout-flow wp-block-column-is-layout-flow\" style=\"flex-basis:50%\">\n<div class=\"wp-block-media-text is-stacked-on-mobile\"><figure class=\"wp-block-media-text__media\"><img loading=\"lazy\" decoding=\"async\" width=\"819\" height=\"1024\" src=\"https:\/\/fg-ius.unibas.ch\/wordpress\/wp-content\/uploads\/Bilder-FG-IUS-819x1024.png\" alt=\"\" class=\"wp-image-1998 size-full\" srcset=\"https:\/\/fg-ius.unibas.ch\/wordpress\/wp-content\/uploads\/Bilder-FG-IUS-819x1024.png 819w, https:\/\/fg-ius.unibas.ch\/wordpress\/wp-content\/uploads\/Bilder-FG-IUS-240x300.png 240w, https:\/\/fg-ius.unibas.ch\/wordpress\/wp-content\/uploads\/Bilder-FG-IUS-768x960.png 768w, https:\/\/fg-ius.unibas.ch\/wordpress\/wp-content\/uploads\/Bilder-FG-IUS.png 1080w\" sizes=\"(max-width: 819px) 100vw, 819px\" \/><\/figure><div class=\"wp-block-media-text__content\">\n<p>Vega Hutter<\/p>\n<\/div><\/div>\n\n\n\n<div class=\"wp-block-media-text is-stacked-on-mobile\"><figure class=\"wp-block-media-text__media\"><img loading=\"lazy\" decoding=\"async\" width=\"819\" height=\"1024\" src=\"https:\/\/fg-ius.unibas.ch\/wordpress\/wp-content\/uploads\/Bilder-FG-IUS-819x1024.png\" alt=\"\" class=\"wp-image-1998 size-full\" srcset=\"https:\/\/fg-ius.unibas.ch\/wordpress\/wp-content\/uploads\/Bilder-FG-IUS-819x1024.png 819w, https:\/\/fg-ius.unibas.ch\/wordpress\/wp-content\/uploads\/Bilder-FG-IUS-240x300.png 240w, https:\/\/fg-ius.unibas.ch\/wordpress\/wp-content\/uploads\/Bilder-FG-IUS-768x960.png 768w, https:\/\/fg-ius.unibas.ch\/wordpress\/wp-content\/uploads\/Bilder-FG-IUS.png 1080w\" sizes=\"(max-width: 819px) 100vw, 819px\" \/><\/figure><div class=\"wp-block-media-text__content\">\n<p>Arthur Schwaldat<\/p>\n<\/div><\/div>\n<\/div>\n\n\n\n<div class=\"wp-block-column is-layout-flow wp-block-column-is-layout-flow\" style=\"flex-basis:50%\">\n<div class=\"wp-block-media-text is-stacked-on-mobile\"><figure class=\"wp-block-media-text__media\"><img loading=\"lazy\" decoding=\"async\" width=\"819\" height=\"1024\" src=\"https:\/\/fg-ius.unibas.ch\/wordpress\/wp-content\/uploads\/Bilder-FG-IUS-819x1024.png\" alt=\"\" class=\"wp-image-1998 size-full\" srcset=\"https:\/\/fg-ius.unibas.ch\/wordpress\/wp-content\/uploads\/Bilder-FG-IUS-819x1024.png 819w, https:\/\/fg-ius.unibas.ch\/wordpress\/wp-content\/uploads\/Bilder-FG-IUS-240x300.png 240w, https:\/\/fg-ius.unibas.ch\/wordpress\/wp-content\/uploads\/Bilder-FG-IUS-768x960.png 768w, https:\/\/fg-ius.unibas.ch\/wordpress\/wp-content\/uploads\/Bilder-FG-IUS.png 1080w\" sizes=\"(max-width: 819px) 100vw, 819px\" \/><\/figure><div class=\"wp-block-media-text__content\">\n<p>Milena Studer<\/p>\n<\/div><\/div>\n<\/div>\n<\/div>\n","protected":false},"excerpt":{"rendered":"<p>Der Vorstand der FG Ius nimmt immer gerne generelle Ideen und Anregungen entgegen. Er k\u00fcmmert sich um jegliche Probleme, welche bez\u00fcglich des Studiums auftreten und bem\u00fcht sich um eine L\u00f6sung oder verweist den Antragssteller an die zust\u00e4ndige Person. Pr\u00e4sidium Hannah R\u00f6ttger Laura Rosamilia (Vizepr\u00e4sidentin) Ressort Sponsoring Melanie Zimmerli Ben Jagasia Val\u00e9rie Hug Ressort Studienvertretung Anna-Ursina&#8230;<\/p>\n","protected":false},"author":1,"featured_media":1881,"parent":0,"menu_order":0,"comment_status":"closed","ping_status":"closed","template":"","meta":{"footnotes":""},"class_list":["post-862","page","type-page","status-publish","has-post-thumbnail","hentry"],"_links":{"self":[{"href":"https:\/\/fg-ius.unibas.ch\/wordpress\/wp-json\/wp\/v2\/pages\/862"}],"collection":[{"href":"https:\/\/fg-ius.unibas.ch\/wordpress\/wp-json\/wp\/v2\/pages"}],"about":[{"href":"https:\/\/fg-ius.unibas.ch\/wordpress\/wp-json\/wp\/v2\/types\/page"}],"author":[{"embeddable":true,"href":"https:\/\/fg-ius.unibas.ch\/wordpress\/wp-json\/wp\/v2\/users\/1"}],"replies":[{"embeddable":true,"href":"https:\/\/fg-ius.unibas.ch\/wordpress\/wp-json\/wp\/v2\/comments?post=862"}],"version-history":[{"count":35,"href":"https:\/\/fg-ius.unibas.ch\/wordpress\/wp-json\/wp\/v2\/pages\/862\/revisions"}],"predecessor-version":[{"id":2056,"href":"https:\/\/fg-ius.unibas.ch\/wordpress\/wp-json\/wp\/v2\/pages\/862\/revisions\/2056"}],"wp:featuredmedia":[{"embeddable":true,"href":"https:\/\/fg-ius.unibas.ch\/wordpress\/wp-json\/wp\/v2\/media\/1881"}],"wp:attachment":[{"href":"https:\/\/fg-ius.unibas.ch\/wordpress\/wp-json\/wp\/v2\/media?parent=862"}],"curies":[{"name":"wp","href":"https:\/\/api.w.org\/{rel}","templated":true}]}}