{"id":883,"date":"2016-05-01T22:46:07","date_gmt":"2016-05-01T21:46:07","guid":{"rendered":"http:\/\/fg-ius.unibas.ch\/wordpress\/?page_id=883"},"modified":"2025-08-07T16:08:54","modified_gmt":"2025-08-07T15:08:54","slug":"startseite-fg-ius","status":"publish","type":"page","link":"https:\/\/fg-ius.unibas.ch\/wordpress\/","title":{"rendered":"Home"},"content":{"rendered":"\n<p><br><strong>Die Fachgruppe Ius&nbsp;&#8211; noch nie geh\u00f6rt?<\/strong><\/p>\n\n\n\n<p>Dann wird es Zeit zu erfahren, wer wir sind und was wir tun.<\/p>\n\n\n\n<p>Denn die Fachgruppe Ius ist die Vertretung aller Ius-Studierenden an der Universit\u00e4t Basel. Wir verfolgen die Interessen der Ius-Studierenden gegen\u00fcber der Universit\u00e4t, der Fakult\u00e4t und allen ihr angeh\u00f6renden Personen.<br><\/p>\n\n\n\n<hr class=\"wp-block-separator has-css-opacity\"\/>\n\n\n\n<p><br>Als Anlaufstelle haben wir immer ein offenes Ohr f\u00fcr die Fragen und Probleme der Studierenden. Wir freuen uns \u00fcber jegliche Anregungen.<\/p>\n\n\n\n<p><a href=\"https:\/\/fg-ius.unibas.ch\/wordpress\/?page_id=17\">Hier<\/a> sind wir jederzeit erreichbar!<br><br><\/p>\n\n\n\n<hr class=\"wp-block-separator has-css-opacity\"\/>\n\n\n\n<p><br>Wir m\u00f6chten uns an dieser Stelle ganz herzlich bei unseren Sponsoren und Partner f\u00fcr ihre langj\u00e4hrige und grossz\u00fcgige Unterst\u00fctzung der FG-IUS bedanken.&nbsp;<\/p>\n\n\n\n<div style=\"height:50px\" aria-hidden=\"true\" class=\"wp-block-spacer\"><\/div>\n\n\n\n<div class=\"wp-block-columns is-layout-flex wp-container-core-columns-is-layout-1 wp-block-columns-is-layout-flex\">\n<div class=\"wp-block-column is-layout-flow wp-block-column-is-layout-flow\">\n<figure class=\"wp-block-image aligncenter size-full\"><a href=\"https:\/\/www.biderundtanner.ch\/start\"><img loading=\"lazy\" decoding=\"async\" width=\"1772\" height=\"591\" src=\"http:\/\/fg-ius.unibas.ch\/wordpress\/wp-content\/uploads\/Logo_BT_Kulturhaus_cmyk.jpg\" alt=\"\" class=\"wp-image-1603\" srcset=\"https:\/\/fg-ius.unibas.ch\/wordpress\/wp-content\/uploads\/Logo_BT_Kulturhaus_cmyk.jpg 1772w, https:\/\/fg-ius.unibas.ch\/wordpress\/wp-content\/uploads\/Logo_BT_Kulturhaus_cmyk-300x100.jpg 300w, https:\/\/fg-ius.unibas.ch\/wordpress\/wp-content\/uploads\/Logo_BT_Kulturhaus_cmyk-1024x342.jpg 1024w, https:\/\/fg-ius.unibas.ch\/wordpress\/wp-content\/uploads\/Logo_BT_Kulturhaus_cmyk-768x256.jpg 768w, https:\/\/fg-ius.unibas.ch\/wordpress\/wp-content\/uploads\/Logo_BT_Kulturhaus_cmyk-1536x512.jpg 1536w\" sizes=\"(max-width: 1772px) 100vw, 1772px\" \/><\/a><\/figure>\n<\/div>\n\n\n\n<div class=\"wp-block-column is-layout-flow wp-block-column-is-layout-flow\">\n<figure class=\"wp-block-image aligncenter size-large\"><a href=\"https:\/\/www.helbing.ch\/de\/home\"><img loading=\"lazy\" decoding=\"async\" width=\"1024\" height=\"242\" src=\"http:\/\/fg-ius.unibas.ch\/wordpress\/wp-content\/uploads\/HLV_Logo_rgb_pos_300ppi-1024x242.png\" alt=\"Helbing Lichtenhahn\" class=\"wp-image-1378\" srcset=\"https:\/\/fg-ius.unibas.ch\/wordpress\/wp-content\/uploads\/HLV_Logo_rgb_pos_300ppi-1024x242.png 1024w, https:\/\/fg-ius.unibas.ch\/wordpress\/wp-content\/uploads\/HLV_Logo_rgb_pos_300ppi-300x71.png 300w, https:\/\/fg-ius.unibas.ch\/wordpress\/wp-content\/uploads\/HLV_Logo_rgb_pos_300ppi-768x181.png 768w, https:\/\/fg-ius.unibas.ch\/wordpress\/wp-content\/uploads\/HLV_Logo_rgb_pos_300ppi.png 1182w\" sizes=\"(max-width: 1024px) 100vw, 1024px\" \/><\/a><\/figure>\n<\/div>\n\n\n\n<div class=\"wp-block-column is-layout-flow wp-block-column-is-layout-flow\">\n<figure class=\"wp-block-image aligncenter size-full is-resized\"><a href=\"https:\/\/www.schulthess.com\/portal\"><img loading=\"lazy\" decoding=\"async\" width=\"428\" height=\"118\" src=\"http:\/\/fg-ius.unibas.ch\/wordpress\/wp-content\/uploads\/images.jpg\" alt=\"\" class=\"wp-image-647\" style=\"width:221px;height:auto\" srcset=\"https:\/\/fg-ius.unibas.ch\/wordpress\/wp-content\/uploads\/images.jpg 428w, https:\/\/fg-ius.unibas.ch\/wordpress\/wp-content\/uploads\/images-300x82.jpg 300w\" sizes=\"(max-width: 428px) 100vw, 428px\" \/><\/a><\/figure>\n<\/div>\n<\/div>\n\n\n\n<div class=\"wp-block-columns is-layout-flex wp-container-core-columns-is-layout-2 wp-block-columns-is-layout-flex\">\n<div class=\"wp-block-column is-layout-flow wp-block-column-is-layout-flow\">\n<figure class=\"wp-block-image aligncenter size-large is-resized\"><img loading=\"lazy\" decoding=\"async\" width=\"1024\" height=\"369\" src=\"http:\/\/fg-ius.unibas.ch\/wordpress\/wp-content\/uploads\/OFV_Logo_POS_RGB_DE-1-1024x369.png\" alt=\"\" class=\"wp-image-1584\" style=\"width:234px;height:auto\" srcset=\"https:\/\/fg-ius.unibas.ch\/wordpress\/wp-content\/uploads\/OFV_Logo_POS_RGB_DE-1-1024x369.png 1024w, https:\/\/fg-ius.unibas.ch\/wordpress\/wp-content\/uploads\/OFV_Logo_POS_RGB_DE-1-300x108.png 300w, https:\/\/fg-ius.unibas.ch\/wordpress\/wp-content\/uploads\/OFV_Logo_POS_RGB_DE-1-768x277.png 768w, https:\/\/fg-ius.unibas.ch\/wordpress\/wp-content\/uploads\/OFV_Logo_POS_RGB_DE-1-1536x554.png 1536w, https:\/\/fg-ius.unibas.ch\/wordpress\/wp-content\/uploads\/OFV_Logo_POS_RGB_DE-1-2048x738.png 2048w\" sizes=\"(max-width: 1024px) 100vw, 1024px\" \/><\/figure>\n<\/div>\n<\/div>\n\n\n\n<div class=\"wp-block-columns is-layout-flex wp-container-core-columns-is-layout-3 wp-block-columns-is-layout-flex\">\n<div class=\"wp-block-column is-layout-flow wp-block-column-is-layout-flow\">\n<figure class=\"wp-block-image aligncenter size-full\"><a href=\"https:\/\/kellerhals-carrard.ch\/de\"><img loading=\"lazy\" decoding=\"async\" width=\"591\" height=\"260\" src=\"http:\/\/fg-ius.unibas.ch\/wordpress\/wp-content\/uploads\/KC_Logogelb_rgb-1.png\" alt=\"\" class=\"wp-image-1602\" srcset=\"https:\/\/fg-ius.unibas.ch\/wordpress\/wp-content\/uploads\/KC_Logogelb_rgb-1.png 591w, https:\/\/fg-ius.unibas.ch\/wordpress\/wp-content\/uploads\/KC_Logogelb_rgb-1-300x132.png 300w\" sizes=\"(max-width: 591px) 100vw, 591px\" \/><\/a><\/figure>\n<\/div>\n\n\n\n<div class=\"wp-block-column is-layout-flow wp-block-column-is-layout-flow\">\n<figure class=\"wp-block-image aligncenter size-full\"><a href=\"https:\/\/www.nkf.ch\"><img loading=\"lazy\" decoding=\"async\" width=\"824\" height=\"161\" src=\"http:\/\/fg-ius.unibas.ch\/wordpress\/wp-content\/uploads\/NKF-logo.png\" alt=\"\" class=\"wp-image-1593\" srcset=\"https:\/\/fg-ius.unibas.ch\/wordpress\/wp-content\/uploads\/NKF-logo.png 824w, https:\/\/fg-ius.unibas.ch\/wordpress\/wp-content\/uploads\/NKF-logo-300x59.png 300w, https:\/\/fg-ius.unibas.ch\/wordpress\/wp-content\/uploads\/NKF-logo-768x150.png 768w\" sizes=\"(max-width: 824px) 100vw, 824px\" \/><\/a><\/figure>\n<\/div>\n\n\n\n<div class=\"wp-block-column is-layout-flow wp-block-column-is-layout-flow\">\n<figure class=\"wp-block-image aligncenter size-large\"><a href=\"https:\/\/www.swlegal.com\/de\/\"><img loading=\"lazy\" decoding=\"async\" width=\"1024\" height=\"276\" src=\"http:\/\/fg-ius.unibas.ch\/wordpress\/wp-content\/uploads\/SchellenbergWittmer_Logo_RGB-1024x276.png\" alt=\"\" class=\"wp-image-1523\" srcset=\"https:\/\/fg-ius.unibas.ch\/wordpress\/wp-content\/uploads\/SchellenbergWittmer_Logo_RGB-1024x276.png 1024w, https:\/\/fg-ius.unibas.ch\/wordpress\/wp-content\/uploads\/SchellenbergWittmer_Logo_RGB-300x81.png 300w, https:\/\/fg-ius.unibas.ch\/wordpress\/wp-content\/uploads\/SchellenbergWittmer_Logo_RGB-768x207.png 768w, https:\/\/fg-ius.unibas.ch\/wordpress\/wp-content\/uploads\/SchellenbergWittmer_Logo_RGB.png 1182w\" sizes=\"(max-width: 1024px) 100vw, 1024px\" \/><\/a><\/figure>\n<\/div>\n<\/div>\n\n\n\n<div class=\"wp-block-columns is-layout-flex wp-container-core-columns-is-layout-4 wp-block-columns-is-layout-flex\">\n<div class=\"wp-block-column is-layout-flow wp-block-column-is-layout-flow\">\n<figure class=\"wp-block-image aligncenter size-full is-resized\"><a href=\"https:\/\/www.prager-dreifuss.com\/de\/\"><img loading=\"lazy\" decoding=\"async\" width=\"942\" height=\"384\" src=\"http:\/\/fg-ius.unibas.ch\/wordpress\/wp-content\/uploads\/Logo-Prager-Dreifuss.jpg\" alt=\"\" class=\"wp-image-1681\" style=\"width:248px;height:auto\" srcset=\"https:\/\/fg-ius.unibas.ch\/wordpress\/wp-content\/uploads\/Logo-Prager-Dreifuss.jpg 942w, https:\/\/fg-ius.unibas.ch\/wordpress\/wp-content\/uploads\/Logo-Prager-Dreifuss-300x122.jpg 300w, https:\/\/fg-ius.unibas.ch\/wordpress\/wp-content\/uploads\/Logo-Prager-Dreifuss-768x313.jpg 768w\" sizes=\"(max-width: 942px) 100vw, 942px\" \/><\/a><\/figure>\n<\/div>\n<\/div>\n\n\n\n<div class=\"wp-block-columns is-layout-flex wp-container-core-columns-is-layout-5 wp-block-columns-is-layout-flex\">\n<div class=\"wp-block-column is-layout-flow wp-block-column-is-layout-flow\">\n<figure class=\"wp-block-image aligncenter size-full\"><a href=\"https:\/\/www.aubouquet.ch\/de\/\"><img loading=\"lazy\" decoding=\"async\" width=\"436\" height=\"108\" src=\"http:\/\/fg-ius.unibas.ch\/wordpress\/wp-content\/uploads\/logo-au-bouquet.png\" alt=\"\" class=\"wp-image-1586\" srcset=\"https:\/\/fg-ius.unibas.ch\/wordpress\/wp-content\/uploads\/logo-au-bouquet.png 436w, https:\/\/fg-ius.unibas.ch\/wordpress\/wp-content\/uploads\/logo-au-bouquet-300x74.png 300w\" sizes=\"(max-width: 436px) 100vw, 436px\" \/><\/a><\/figure>\n<\/div>\n\n\n\n<div class=\"wp-block-column is-layout-flow wp-block-column-is-layout-flow\">\n<figure class=\"wp-block-image size-large is-resized\"><a href=\"https:\/\/www.doppelleuboxer.ch\/de\/\"><img loading=\"lazy\" decoding=\"async\" width=\"1024\" height=\"777\" src=\"http:\/\/fg-ius.unibas.ch\/wordpress\/wp-content\/uploads\/Chopfab_Loewe_Black-1024x777.png\" alt=\"\" class=\"wp-image-1125\" style=\"width:221px;height:auto\" srcset=\"https:\/\/fg-ius.unibas.ch\/wordpress\/wp-content\/uploads\/Chopfab_Loewe_Black-1024x777.png 1024w, https:\/\/fg-ius.unibas.ch\/wordpress\/wp-content\/uploads\/Chopfab_Loewe_Black-300x228.png 300w, https:\/\/fg-ius.unibas.ch\/wordpress\/wp-content\/uploads\/Chopfab_Loewe_Black-768x583.png 768w, https:\/\/fg-ius.unibas.ch\/wordpress\/wp-content\/uploads\/Chopfab_Loewe_Black.png 1300w\" sizes=\"(max-width: 1024px) 100vw, 1024px\" \/><\/a><\/figure>\n<\/div>\n\n\n\n<div class=\"wp-block-column is-layout-flow wp-block-column-is-layout-flow\">\n<figure class=\"wp-block-image aligncenter size-large\"><a href=\"https:\/\/www.schulthess.com\/buchshop\/studium\/lernkarten\/kkarten-uni-basel\"><img loading=\"lazy\" decoding=\"async\" width=\"1024\" height=\"237\" src=\"http:\/\/fg-ius.unibas.ch\/wordpress\/wp-content\/uploads\/WhatsApp-Image-2018-06-12-at-16.10.40-1024x237.jpeg\" alt=\"\" class=\"wp-image-1081\" srcset=\"https:\/\/fg-ius.unibas.ch\/wordpress\/wp-content\/uploads\/WhatsApp-Image-2018-06-12-at-16.10.40.jpeg 1024w, https:\/\/fg-ius.unibas.ch\/wordpress\/wp-content\/uploads\/WhatsApp-Image-2018-06-12-at-16.10.40-300x69.jpeg 300w, https:\/\/fg-ius.unibas.ch\/wordpress\/wp-content\/uploads\/WhatsApp-Image-2018-06-12-at-16.10.40-768x178.jpeg 768w\" sizes=\"(max-width: 1024px) 100vw, 1024px\" \/><\/a><\/figure>\n<\/div>\n<\/div>\n\n\n\n<div class=\"wp-block-columns is-layout-flex wp-container-core-columns-is-layout-6 wp-block-columns-is-layout-flex\">\n<div class=\"wp-block-column is-layout-flow wp-block-column-is-layout-flow\" style=\"flex-basis:100%\"><\/div>\n<\/div>\n\n\n\n<p><\/p>\n","protected":false},"excerpt":{"rendered":"<p>Die Fachgruppe Ius&nbsp;&#8211; noch nie geh\u00f6rt? Dann wird es Zeit zu erfahren, wer wir sind und was wir tun. Denn die Fachgruppe Ius ist die Vertretung aller Ius-Studierenden an der Universit\u00e4t Basel. Wir verfolgen die Interessen der Ius-Studierenden gegen\u00fcber der Universit\u00e4t, der Fakult\u00e4t und allen ihr angeh\u00f6renden Personen. Als Anlaufstelle haben wir immer ein offenes&#8230;<\/p>\n","protected":false},"author":1,"featured_media":0,"parent":0,"menu_order":0,"comment_status":"closed","ping_status":"closed","template":"","meta":{"footnotes":""},"class_list":["post-883","page","type-page","status-publish","hentry"],"_links":{"self":[{"href":"https:\/\/fg-ius.unibas.ch\/wordpress\/wp-json\/wp\/v2\/pages\/883"}],"collection":[{"href":"https:\/\/fg-ius.unibas.ch\/wordpress\/wp-json\/wp\/v2\/pages"}],"about":[{"href":"https:\/\/fg-ius.unibas.ch\/wordpress\/wp-json\/wp\/v2\/types\/page"}],"author":[{"embeddable":true,"href":"https:\/\/fg-ius.unibas.ch\/wordpress\/wp-json\/wp\/v2\/users\/1"}],"replies":[{"embeddable":true,"href":"https:\/\/fg-ius.unibas.ch\/wordpress\/wp-json\/wp\/v2\/comments?post=883"}],"version-history":[{"count":46,"href":"https:\/\/fg-ius.unibas.ch\/wordpress\/wp-json\/wp\/v2\/pages\/883\/revisions"}],"predecessor-version":[{"id":1816,"href":"https:\/\/fg-ius.unibas.ch\/wordpress\/wp-json\/wp\/v2\/pages\/883\/revisions\/1816"}],"wp:attachment":[{"href":"https:\/\/fg-ius.unibas.ch\/wordpress\/wp-json\/wp\/v2\/media?parent=883"}],"curies":[{"name":"wp","href":"https:\/\/api.w.org\/{rel}","templated":true}]}}